{"id":1088,"date":"2021-10-21T03:44:58","date_gmt":"2021-10-21T03:44:58","guid":{"rendered":"http:\/\/snuac.snu.ac.kr\/neasnuac\/?page_id=1088"},"modified":"2024-10-10T03:21:21","modified_gmt":"2024-10-10T03:21:21","slug":"4-toward-a-peaceful-brighter-future-in-asia","status":"publish","type":"page","link":"http:\/\/neacenter.snuac.ac.kr\/?page_id=1088","title":{"rendered":"#4 Toward a Peaceful &#038; Brighter Future in Asia"},"content":{"rendered":"<div class=\"wpb-content-wrapper\"><p>[vc_row][vc_column][vc_single_image image=&#8221;1196&#8243; img_size=&#8221;full&#8221; alignment=&#8221;center&#8221; style=&#8221;vc_box_shadow_3d&#8221;][\/vc_column][\/vc_row][vc_row][vc_column][vc_column_text]<\/p>\n<h5><em><strong>Chairperson<\/strong><\/em><\/h5>\n<p>[\/vc_column_text][\/vc_column][\/vc_row][vc_row content_placement=&#8221;middle&#8221;][vc_column width=&#8221;1\/4&#8243;][vc_single_image image=&#8221;1136&#8243; img_size=&#8221;200&#215;200&#8243; alignment=&#8221;center&#8221; style=&#8221;vc_box_shadow_3d&#8221;][\/vc_column][vc_column width=&#8221;3\/4&#8243;][vc_column_text]<strong>Beom-Shik Shin<\/strong> \/ SNUAC HK+ Mega-Asia Research Project Group, professor of international relations \/ Korea<\/p>\n<p>Dr. Shin is currently professor of international relations, and director for Eurasian and Central Asian Studies, Asia Center at Seoul National University, Korea, and was visiting professor at Henry Jackson School of International Studies at University of Washington in Seattle. He served as General Director(2008~9) and Director of Foreign Relations(2004~7) of Korean Association of Slavic Studies. He also served as Director(2013~5) of the Institute of Russian, East European, and Eurasian Studies at Seoul National University. He received his Ph.D. in Politics from MGIMO(Moscow State Institute of International Relations) and his research centers on Russian politics and foreign policy, International Relations in Eurasia, international politics of energy and environment, and comparative regional studies. He published numerous articles including \u201cCritical Review of Korea-Russia Strategic Partnership: Common Interest and Practical Strategy (2010),\u201d \u201cThe International Politics of Climate Change and Prospect of U.S.-China Relations (2011),\u201d \u201cGlobal Network Politics of Russia\u2019s Oil and Gas Pipeline Network Construction toward Northeast Asia (2012),\u201d and also edited several books including The Challenges of Eurasia and International Relations in the 21st Century (2007), The Rise of China and Central Asia (2015).[\/vc_column_text][\/vc_column][\/vc_row][vc_row][vc_column][vc_column_text]<\/p>\n<h5><em><strong>Participants<\/strong><\/em><\/h5>\n<p>[\/vc_column_text][\/vc_column][\/vc_row][vc_row content_placement=&#8221;middle&#8221;][vc_column width=&#8221;1\/4&#8243;][vc_single_image image=&#8221;1137&#8243; img_size=&#8221;200&#215;200&#8243; alignment=&#8221;center&#8221; style=&#8221;vc_box_shadow_3d&#8221;][\/vc_column][vc_column width=&#8221;3\/4&#8243;][vc_column_text]<b>Hankwon Kim <\/b>\/\u00a0<span style=\"font-weight: 400;\">Korea National Diplomatic Academy,\u00a0<\/span><span style=\"font-weight: 400;\">Associate professor \/ Korea<\/span><\/p>\n<p><span style=\"font-weight: 400;\">Dr. Hankwon Kim is a professor of the Department of Asian and Pacific Studies as well as the head of Center for Chinese Studies at Institute of Foreign Affairs and National Security (IFANS), Korea National Diplomatic Academy (KNDA), Ministry of Foreign Affairs of the Republic of Korea. Before joining KNDA, Dr. Kim was a research fellow and the director of the Center for China Studies at the Asan Institute for Policy Studies in Seoul, South Korea. He completed a postdoctoral program at Tsinghua University and was also a research scholar at the School of International Studies, Peking University, China. Dr. Kim holds a Ph.D. in International Relations from American University, USA. Dr. Kim is co-author of China Complex (Asan Institute for Policy Studies: 2014) and has published other books and articles in several academic journals, including \u201cEvaluating China\u2019s Soft Power: Dimensions of Norms and Attraction\u201d in J.H. Chung (ed.) Assessing China\u2019s Power (2015) and \u201cThe Implications of the Chinese &#8216;String of Pearls&#8217; for the U.S. Return to Asia Policy: the U.S., China, and India in the Indian Ocean&#8221; in the Journal of Global Policy and Governance (2013).<\/span>[\/vc_column_text][\/vc_column][\/vc_row][vc_row content_placement=&#8221;middle&#8221;][vc_column width=&#8221;1\/4&#8243;][vc_single_image image=&#8221;1138&#8243; img_size=&#8221;200&#215;200&#8243; alignment=&#8221;center&#8221; style=&#8221;vc_box_shadow_3d&#8221;][\/vc_column][vc_column width=&#8221;3\/4&#8243;][vc_column_text]<b>Tiejun Yu <\/b>\/\u00a0<span style=\"font-weight: 400;\">Peking University,\u00a0<\/span><span style=\"font-weight: 400;\">Professor \/ China<\/span><\/p>\n<p><span style=\"font-weight: 400;\">Yu Tiejun is a professor at Peking University\u2019s School of International Studies and vice president of the university\u2019s Institute of International and Strategic Studies. He was a Fulbright visiting scholar at MIT\u2019s security studies program (2018\u201319), visiting scholar at Stanford University and Harvard University (2005\u201306), and studied at the University of Tokyo (1998\u20132000). Yu is executive editor in chief of <\/span><i><span style=\"font-weight: 400;\">China International Strategy Review<\/span><\/i><span style=\"font-weight: 400;\"> and has written extensively on international security, East Asian international relations, and China\u2019s foreign and defense policy. He was awarded Peking University\u2019s Excellent Teaching Award and Distinguished Research Award in 2010 and 2017, respectively. Yu received his BA, MA, and PhD from Peking University. Dr. Yu has co-edited <\/span><i><span style=\"font-weight: 400;\">The Sino-Japanese Security and Defense Exchange: Past, Present, and Prospect<\/span><\/i><span style=\"font-weight: 400;\"> (Beijing: World Affairs Press, 2012, with Zhu Feng and Akiyama Masahiro). His selected publications include \u201c\u201cProblems in and Reflections on the Studies of International Relations in China\u201d (2005) and \u201cMilitary Alliances in East Asia\u201d (2005).<\/span>[\/vc_column_text][\/vc_column][\/vc_row][vc_row content_placement=&#8221;middle&#8221;][vc_column width=&#8221;1\/4&#8243;][vc_single_image image=&#8221;1110&#8243; img_size=&#8221;200&#215;200&#8243; alignment=&#8221;center&#8221; style=&#8221;vc_box_shadow_3d&#8221;][\/vc_column][vc_column width=&#8221;3\/4&#8243;][vc_column_text]<b>Mingjiang Li <\/b>\/\u00a0<span style=\"font-weight: 400;\">Nanyang Technological University, RSIS,\u00a0<\/span><span style=\"font-weight: 400;\">Associate professor \/ Singapore<\/span><\/p>\n<p><span style=\"font-weight: 400;\">Dr. Li Mingjiang is an Associate Professor and Provost Chair in International Relations at S. Rajaratnam School of International Studies (RSIS), Nanyang Technological University, Singapore. He is also the Coordinator of the PhD Program at RSIS. He received his Ph.D. in Political Science from Boston University. His main research interests include Chinese foreign policy, Chinese economic statecraft, the Belt and Road Initiative, Chinese politics, China-ASEAN relations, Sino-U.S. relations, and Asia-Pacific security. He is the author (including editor and co-editor) of 15 books. His recent books are China\u2019s Economic Statecraft (World Scientific, 2017) and New Dynamics in US-China Relations: Contending for the Asia Pacific (lead editor, Routledge, 2014). He has published papers in various peer-reviewed outlets including International Affairs, Asian Perspective, Asian Politics &amp; Policy, Asian Security, Oxford Bibliographies, Journal of Asian Security and International Affairs, Journal of Strategic Studies, Global Governance, Cold War History, Journal of Contemporary China, the Chinese Journal of International Politics, the Chinese Journal of Political Science, China: An International Journal, China Security, Harvard Asia Quarterly, Security Challenges, and the International Spectator.<\/span>[\/vc_column_text][\/vc_column][\/vc_row][vc_row content_placement=&#8221;middle&#8221;][vc_column width=&#8221;1\/4&#8243;][vc_single_image image=&#8221;1139&#8243; img_size=&#8221;200&#215;200&#8243; alignment=&#8221;center&#8221; style=&#8221;vc_box_shadow_3d&#8221;][\/vc_column][vc_column width=&#8221;3\/4&#8243;][vc_column_text]<b>Evi Fitriani <\/b>\/\u00a0<span style=\"font-weight: 400;\">University of Indonesia,\u00a0<\/span><span style=\"font-weight: 400;\">Professor \/ Indonesia<\/span><\/p>\n<p><span style=\"font-weight: 400;\">Evi Fitriani is the head of the International Relations Department Faculty of Social and Political Sciences University of Indonesia, Jakarta, Indonesia. She is the co-founder of the ASEAN Study Center, University of Indonesia. She also holds a position of the Indonesia\u2019s Country Coordinator of the Network of East Asian Think Tanks (NEAT). She holds a Ph.D. in Political Sciences and International Relations from the Crawford School of Economics and Government, the Australian National University. Her research interests include Indonesia\u2019s foreign policy, ASEAN, Asian regionalism, Indonesia relations with Australia, Indonesia-Malaysia relations, precolonial Southeast Asia, border studies, European Union (EU) and EU-Asia relations. Her recent publications include \u201cLinking the impacts of perception, domestic politics, economic engagements, and the international environment on bilateral relations between Indonesia and China in the onset of the 21st century\u201d (2021) and \u201cIndonesian views of managing disputes through cooperation in the South China Sea and the obstacles\u201d in H. Qi and S. Xue (eds.) Cooperative Development in the South China Sea.<\/span>[\/vc_column_text][\/vc_column][\/vc_row][vc_row content_placement=&#8221;middle&#8221;][vc_column width=&#8221;1\/4&#8243;][vc_single_image image=&#8221;1140&#8243; img_size=&#8221;200&#215;200&#8243; alignment=&#8221;center&#8221; style=&#8221;vc_box_shadow_3d&#8221;][\/vc_column][vc_column width=&#8221;3\/4&#8243;][vc_column_text]<b>Heonik Kwon <\/b>\/ SNUAC HK+ Mega Asia Research Project,\u00a0<span style=\"font-weight: 400;\">HK Professor \/ Korea<\/span><\/p>\n<p><i><span style=\"font-weight: 400;\">Heonik Kwon<\/span><\/i><span style=\"font-weight: 400;\"> is a member of Seoul National University Asia Center\u2019s Mega Asia research group. Having taught previously in the London School of Economics, he is serving as a Senior Research Fellow of Social Anthropology at Trinity College, University of Cambridge, since 2011. Author of prizewinning books on the social history of the Vietnam War and on Asia\u2019s Cold War experience, his recent publication is <\/span><i><span style=\"font-weight: 400;\">After the Korean War: An Intimate History<\/span><\/i><span style=\"font-weight: 400;\"> (Cambridge, 2020). He has a forthcoming book that approaches Korea\u2019s Cold War modernity from a religious historical angle and currently is preparing a history of conversation between Anthropology and International Politics.<\/span>[\/vc_column_text][\/vc_column][\/vc_row][vc_row content_placement=&#8221;middle&#8221;][vc_column width=&#8221;1\/4&#8243;][vc_single_image image=&#8221;1133&#8243; img_size=&#8221;200&#215;200&#8243; alignment=&#8221;center&#8221; style=&#8221;vc_box_shadow_3d&#8221;][\/vc_column][vc_column width=&#8221;3\/4&#8243;][vc_column_text]<b>Ali Fathollah-Nejad\u00a0<\/b>\/\u00a0CECID (Centre d\u2019\u00e9tudes de la Coop\u00e9ration Internationale et du d\u00e9veloppement), Universit\u00e9 libre de Bruxelles,\u00a0Researcher \/ Iran<\/p>\n<p>Dr. Ali Fathollah-Nejad is a German\u2013Iranian political scientist with a focus on Iran, the Middle East, the post-unipolar world order, and right-wing populism in Europe. He is the author of the much-acclaimed\u00a0<i>Iran in an Emerging New World Order: From Ahmadinejad to Rouhani<\/i>\u00a0(2021). Based in Berlin, he is an affiliated researcher with Centre d\u2019\u00c9tudes de la Coop\u00e9ration Internationale et du D\u00e9veloppement (CECID) at Universit\u00e9 libre de Bruxelles (ULB), Freie Universit\u00e4t (FU) Berlin\u2019s Center for Middle Eastern and North African Politics, and the Afro\u2013Middle East Centre (AMEC), South Africa\u2019s think-tank specialized on the Middle East. Ali holds a Ph.D. in International Relations from the Department of Development Studies at SOAS (School of Oriental and African Studies) University of London and was a post-doctoral Associate with the Harvard Kennedy School\u2019s Iran Project. His recent publications include two monographs: \u201cThe Islamic Republic of Iran Four Decades On: The 2017\/18 Protests Amid a Triple Crisis\u201d (2020) and \u201cThe Politics of Culture in Times of Rapprochement: European Cultural and Academic Exchange with Iran (2015\u201316)\u201d (2020). He previously held the post of senior lecturer at the University of T\u00fcbingen.[\/vc_column_text][\/vc_column][\/vc_row][vc_row content_placement=&#8221;middle&#8221;][vc_column width=&#8221;1\/4&#8243;][vc_single_image image=&#8221;1134&#8243; img_size=&#8221;200&#215;200&#8243; alignment=&#8221;center&#8221; style=&#8221;vc_box_shadow_3d&#8221;][\/vc_column][vc_column width=&#8221;3\/4&#8243;][vc_column_text]<b>Nargis Kassenova\u00a0<\/b>\/\u00a0KIMEP University,\u00a0Associate professor \/\u00a0Kazakhstan<\/p>\n<p>Nargis Kassenova is an associate professor at the Department of International Relations and Regional Studies at\u00a0 KIMEP University, and currently serves as a senior fellow in the Program on Central Asia, Davis Center for Russian and Eurasian Studies at Harvard University. She holds a Ph.D. in International Cooperation Studies from Nagoya University. She is a member of the Editorial Board of Central Asian Affairs journal and\u00a0 Central Asian Survey journal (Taylor and Francis), and serves as a member of the Advisory Board of UN High-Level Advisory Board for Social and Economic Affairs. Her recent publications include \u201cChina-Central Asia Relations: Re-learning to Live Next to the Giant\u201d in R. Isaacs and E. Marat (eds.)\u00a0<i>Routledge Handbook of Contemporary Central Asia<\/i>, 2021; \u201cReligious Pluralism and State Paternalism in Kazakhstan,\u201d co-authored with Roman Podoprigora, (2020),\u00a0 \u201cKazakhstan\u2019s Adaptation to the Belt and Road Initiative: Tracing Changes in Domestic Governance\u201d in M.A. Carrai, J-C Defraigne and J. Wouters (eds.)\u00a0<i>The Belt and Road Initiative and Global Governance\u00a0<\/i>(2020), and \u201cRelations with Russia and China\u201d in\u00a0<i>Kazakhstan: Tested by Transition, Chatham House: The Royal Institute of International Affairs<\/i>\u00a0(2019).[\/vc_column_text][\/vc_column][\/vc_row][vc_row content_placement=&#8221;middle&#8221;][vc_column width=&#8221;1\/4&#8243;][vc_single_image image=&#8221;1112&#8243; img_size=&#8221;200&#215;200&#8243; alignment=&#8221;center&#8221; style=&#8221;vc_box_shadow_3d&#8221;][\/vc_column][vc_column width=&#8221;3\/4&#8243;][vc_column_text]<b>Farkhod Tolipov \/\u00a0<\/b>Non-Governmental Research Institution \u201cKnowledge Caravan\u201d,\u00a0Director \/\u00a0Uzbekistan<\/p>\n<p>Farkhod Tolipov is the Director of the research institution \u201cBilim Karvoni,\u201d an NGO based in Tashkent, Uzbekistan. He also serves as an adjunct professor at the Webster University in Tashkent and adjunct professor at the Akhmet Yaasuwi University in Turkestan. He is currently on the editorial board of the journal Central Asia and Caucasus and is a member of the Central Eurasian Studies Society. He previously held the position of associate professor at the Department of Political Science, The National University of Uzbekistan and research fellow at the Davis Center for Russian and Eurasian Studies at Harvard University. He received his Ph.D. in Political Science from the University of World Economy and Diplomacy, Tashkent. His recent publications include \u201cSpirit and Letter of Strategic Partnership of India and Uzbekistan\u201d, in D. Nandy (ed)\u00a0<i>Connecting Asia Understanding Foreign Relations, Organizations and Contemporary Issues<\/i>\u00a0(2020), Detecting Power in Power Projection: The Case of Uzbekistan (2019), His current research is on the topic \u2018How to Define National Interests?\u201d[\/vc_column_text][\/vc_column][\/vc_row][vc_row content_placement=&#8221;middle&#8221;][vc_column width=&#8221;1\/4&#8243;][vc_single_image image=&#8221;1127&#8243; img_size=&#8221;200&#215;200&#8243; alignment=&#8221;center&#8221; style=&#8221;vc_box_shadow_3d&#8221;][\/vc_column][vc_column width=&#8221;3\/4&#8243;][vc_column_text]<b>Saddam Hussein \/\u00a0<\/b>Pakistan Institute of Development Economics,\u00a0Research economist \/ Pakistan<\/p>\n<p>Saddam Hussein is an economist, public policy analyst, writer, trainer, researcher, having five years of\u00a0 experience in the development sector. He graduated from the School of Economics, Quaid-i-Azam University\u00a0 (QAU), Islamabad. Soon afterwards, he completed his M. Phil degree in Public Policy from the School of Public\u00a0 Policy, Pakistan Institute of Development Economics (PIDE), Islamabad. Currently, Hussein serves as a\u00a0 Research Economist at PIDE. He also writes regularly for national and international print and electronic media\u00a0 including The News, The Diplomat, Expert Legal Review, Modern Diplomacy, The Nation, Daily Times, Matrix\u00a0 Mag etc. So far, he has authored more than 200 articles in the domains of security, politics, economy,\u00a0 institutions, philosophy and Pak-Afghan affairs. Hussein frequently delivers key-note talks, appears on TV and\u00a0 conducts training workshops on topics that come under governance, development, leadership, motivation,\u00a0 economy, rule of law and social cohesion.[\/vc_column_text][\/vc_column][\/vc_row][vc_row content_placement=&#8221;middle&#8221;][vc_column width=&#8221;1\/4&#8243;][vc_single_image image=&#8221;959&#8243; img_size=&#8221;200&#215;200&#8243; alignment=&#8221;center&#8221; style=&#8221;vc_box_shadow_3d&#8221;][\/vc_column][vc_column width=&#8221;3\/4&#8243;][vc_column_text]<b>Jongseok Yoon <\/b>\/\u00a0SNUAC HK+ Mega Asia Research Project,\u00a0<span style=\"font-weight: 400;\">HK Research Professor \/ Korea<\/span><\/p>\n<p><span style=\"font-weight: 400;\">Jongseok Yoon is a HK research professor of Seoul National University Asia Center, Korea. He holds a Ph.D. in Sociology, a MA in Sociology, and BA in Asian History from Seoul National University, Korea. He has published articles in such journals as Citizenship Studies (in English), Society and History, Asia Review, The Journal of Modern China Studies, Sino-Soviet Affairs, Journal of Manchurian Studies, China Knowledge Network, The Korea Journal of Chinese Social Science (in Korean), and others. Also, he published several book chapters in such as Developmental Citizenship in China (in English),\u00a0 Minjian China, Migration and Mobilities, China\u2019s response to COVID-19 and new knowledge (in Korean). His research interests are in political and historical sociology, political economy and global value chain, populism and nationalism, mobilities and citizenship, social and labor policies, and Asian studies.<\/span>[\/vc_column_text][\/vc_column][\/vc_row]<\/p>\n<\/div>","protected":false},"excerpt":{"rendered":"<p>[vc_row][vc_column][vc_single_image image=&#8221;1196&#8243; img_size=&#8221;full&#8221; alignment=&#8221;center&#8221; style=&#8221;vc_box_shadow_3d&#8221;][\/vc_column][\/vc_row][vc_row][vc_column][vc_column_text] Chairperson [\/vc_column_text][\/vc_column][\/vc_row][vc_row content_placement=&#8221;middle&#8221;][vc_column width=&#8221;1\/4&#8243;][vc_single_image image=&#8221;1136&#8243; img_size=&#8221;200&#215;200&#8243; alignment=&#8221;center&#8221; style=&#8221;vc_box_shadow_3d&#8221;][\/vc_column][vc_column width=&#8221;3\/4&#8243;][vc_column_text]Beom-Shik Shin \/ SNUAC HK+ Mega-Asia Research Project Group, professor of international relations<span class=\"excerpt-hellip\"> [\u2026]<\/span><\/p>\n","protected":false},"author":1,"featured_media":0,"parent":1078,"menu_order":5,"comment_status":"closed","ping_status":"closed","template":"","meta":{"footnotes":""},"class_list":["post-1088","page","type-page","status-publish","hentry"],"_links":{"self":[{"href":"http:\/\/neacenter.snuac.ac.kr\/index.php?rest_route=\/wp\/v2\/pages\/1088","targetHints":{"allow":["GET"]}}],"collection":[{"href":"http:\/\/neacenter.snuac.ac.kr\/index.php?rest_route=\/wp\/v2\/pages"}],"about":[{"href":"http:\/\/neacenter.snuac.ac.kr\/index.php?rest_route=\/wp\/v2\/types\/page"}],"author":[{"embeddable":true,"href":"http:\/\/neacenter.snuac.ac.kr\/index.php?rest_route=\/wp\/v2\/users\/1"}],"replies":[{"embeddable":true,"href":"http:\/\/neacenter.snuac.ac.kr\/index.php?rest_route=%2Fwp%2Fv2%2Fcomments&post=1088"}],"version-history":[{"count":6,"href":"http:\/\/neacenter.snuac.ac.kr\/index.php?rest_route=\/wp\/v2\/pages\/1088\/revisions"}],"predecessor-version":[{"id":1197,"href":"http:\/\/neacenter.snuac.ac.kr\/index.php?rest_route=\/wp\/v2\/pages\/1088\/revisions\/1197"}],"up":[{"embeddable":true,"href":"http:\/\/neacenter.snuac.ac.kr\/index.php?rest_route=\/wp\/v2\/pages\/1078"}],"wp:attachment":[{"href":"http:\/\/neacenter.snuac.ac.kr\/index.php?rest_route=%2Fwp%2Fv2%2Fmedia&parent=1088"}],"curies":[{"name":"wp","href":"https:\/\/api.w.org\/{rel}","templated":true}]}}