{"id":1086,"date":"2021-10-21T03:44:40","date_gmt":"2021-10-21T03:44:40","guid":{"rendered":"http:\/\/snuac.snu.ac.kr\/neasnuac\/?page_id=1086"},"modified":"2024-10-10T03:21:36","modified_gmt":"2024-10-10T03:21:36","slug":"3-asian-friendship-and-china","status":"publish","type":"page","link":"http:\/\/neacenter.snuac.ac.kr\/?page_id=1086","title":{"rendered":"#3 Asian Friendship and China"},"content":{"rendered":"<div class=\"wpb-content-wrapper\"><p>[vc_row][vc_column][vc_single_image image=&#8221;1194&#8243; img_size=&#8221;full&#8221; alignment=&#8221;center&#8221; style=&#8221;vc_box_shadow_3d&#8221;][\/vc_column][\/vc_row][vc_row][vc_column][vc_column_text]<\/p>\n<h4><strong>Session 3 focuses on a constructive guidance for peace and coexistence in Asia<\/strong><\/h4>\n<ul>\n<li style=\"font-weight: 400;\" aria-level=\"1\"><strong>What do Asian countries and China think about each other?<\/strong><\/li>\n<li style=\"font-weight: 400;\" aria-level=\"1\"><strong>What obstacles exist in forming robust friendly relations in Asia? <\/strong><\/li>\n<li style=\"font-weight: 400;\" aria-level=\"1\"><strong>How can China build friendly relations in the region, according to other Asian countries?<\/strong><\/li>\n<\/ul>\n<p>[\/vc_column_text][\/vc_column][\/vc_row][vc_row][vc_column][vc_column_text]<\/p>\n<h5><em><strong>Chairperson<\/strong><\/em><\/h5>\n<p>[\/vc_column_text][\/vc_column][\/vc_row][vc_row content_placement=&#8221;middle&#8221;][vc_column width=&#8221;1\/4&#8243;][vc_single_image image=&#8221;1130&#8243; img_size=&#8221;200&#215;200&#8243; alignment=&#8221;center&#8221; style=&#8221;vc_box_shadow_3d&#8221;][\/vc_column][vc_column width=&#8221;3\/4&#8243;][vc_column_text]<strong>Jae Sok Kim<\/strong> \/ The Institute for China Studies in Seoul National University,\u00a0 Director \/ Korea<\/p>\n<p><span style=\"font-weight: 400;\">Jaeseok Kim is an associate professor at the Department of Anthropology at Seoul National University, and currently also serves as a research scholar at the Study of Contemporary China at the University of Pennsylvania. He received his Ph.D. in Anthropology, Arts and Sciences from Harvard University. His research addresses three sets of themes: 1) Globalization, Multinational Corporations, and Labor-Management Relation; 2) Domestic and Transnational Migration, Ethnicity, and Nationalism; and, 3) Post-Socialism, Public Morality, and Governance. His research explores how these themes are expressed through various domestic and transnational connections, especially the movements of capital, corporations, and people between the two countries. He analyzes historical and contemporary processes of global capitalism by looking into the changing power dynamics among multinational corporations, local labor, and local government officials in China. His research also illuminates the relationships among evolving structure of domestic and transnational job markets, formations of \u201cnew\u201d class and ethnic consciousness, and transformations of family and local communities in China.\u00a0<\/span>[\/vc_column_text][\/vc_column][\/vc_row][vc_row][vc_column][vc_column_text]<\/p>\n<h5><em><strong>Participants<\/strong><\/em><\/h5>\n<p>[\/vc_column_text][\/vc_column][\/vc_row][vc_row content_placement=&#8221;middle&#8221;][vc_column width=&#8221;1\/4&#8243;][vc_single_image image=&#8221;750&#8243; img_size=&#8221;200&#215;200&#8243; alignment=&#8221;center&#8221; style=&#8221;vc_box_shadow_3d&#8221;][\/vc_column][vc_column width=&#8221;3\/4&#8243;][vc_column_text]<b>Jeong Kyung Seo <\/b>\/ SNUAC<span style=\"font-weight: 400;\">, Academic\u00a0<\/span><span style=\"font-weight: 400;\">Research Professor \/ Korea<\/span><\/p>\n<p>Dr. Jeong Kyung Seo is an academic research professor at Seoul National University Asia Center(SNUAC) and a research fellow at SNUAC Northeast Asia Center. She was a research professor at the Institute of East and West Studies(Yonsei University) and Sungkyun Institute for China Studies (SungKyunKwan University). She served as a committee member for the Presidential Committee on Northern Economic Cooperation, South Korea in 2019. She is interested in China\u2019s rise and its social &amp; structural impact on the international order. Her book(co-edit), Digest on Belt &amp; Road Initiatives(2016) was awarded the Sejong Prize in 2016. She is now an editorial member of the web journal \u201cDiversity+ Asia\u201d at SNUAC, and in charge of publishing China Perspective(webzine) of SNUAC Northeast Center . Her current research focuses on China&#8217;s policy on global health governance, U.S.-China relations and peace of the Korean peninsula, and Populism in East Asia. Her recent study is The Shift of development model for China and U.S.-China rivalry (Seoul: Myung In Publishing company, 2020, co-authorship).[\/vc_column_text][\/vc_column][\/vc_row][vc_row content_placement=&#8221;middle&#8221;][vc_column width=&#8221;1\/4&#8243;][vc_single_image image=&#8221;1162&#8243; img_size=&#8221;200&#215;200&#8243; alignment=&#8221;center&#8221; style=&#8221;vc_box_shadow_3d&#8221;][\/vc_column][vc_column width=&#8221;3\/4&#8243;][vc_column_text]<b>Zhaohua Dong \/\u00a0<\/b><span style=\"font-weight: 400;\">Peking University,\u00a0<\/span><span style=\"font-weight: 400;\">Associate Professor \/ China<\/span><\/p>\n<p><span style=\"font-weight: 400;\">Dr. Dong Zhaohua is Associate Professor of Department of International Political Economy, Associate dean of School of International Studies, Peking University. Her research interest lies in the Political Economy of Globalization, with the focus on domestic politics and global economic governance. Her recent publications include \u201cGlobalization, National Government and Social Governance,\u201d in Iida Taiso and Li Xiaodong eds., China and Japan in Transition, Tokyo: Kokusai Shoin (2012) and \u201cThe Strategic Implications of Japan\u2019s Restoration of Gold Standard,\u201d The Journal of Japanese Studies, No.4 (2013). Dr. Dong is currently working on two ongoing projects, one is on Nonstate Actors in Global Governance, the other is on National Industrial Strategy and Currency Politics. Dr. Dong received her BA from Peking University, and Ph.D. in International Relations from both Waseda University and Peking University.<\/span>[\/vc_column_text][\/vc_column][\/vc_row][vc_row content_placement=&#8221;middle&#8221;][vc_column width=&#8221;1\/4&#8243;][vc_single_image image=&#8221;1131&#8243; img_size=&#8221;200&#215;200&#8243; alignment=&#8221;center&#8221; style=&#8221;vc_box_shadow_3d&#8221;][\/vc_column][vc_column width=&#8221;3\/4&#8243;][vc_column_text]<b>Kawashima Shin \/\u00a0<\/b><span style=\"font-weight: 400;\">University of Tokyo,\u00a0<\/span><span style=\"font-weight: 400;\">Professor \/ Japan<\/span><\/p>\n<p><span style=\"font-weight: 400;\">Shin Kawashima is a professor of the Department of International Relations, the Graduate School of Arts &amp; Sciences, the University of Tokyo. He was educated at the Tokyo University of Foreign Studies (B.A.1992) and the University of Tokyo (Oriental history, M.A., 1994 and Ph. D, 2000). He is also a senior researcher of Nakasone Peace Institute, a Senior Fellow of National Security Agency, an associate member of Science Council of Japan, and advisory member of the Committee for the Promotion of the Declassification of Diplomatic Records, Ministry Foreign Affairs. He was engaged in education and research at Institute of Modern History, Academia Sinica (Taipei), Beijing Center for Japanese Studies, Peking University, and Woodrow Wilson International Center for Scholars. He has studied Chinese\/Taiwanese diplomatic history based on Chinese diplomatic archives and recently started a study on contemporary international relations in East Asia. His first book, Formation of Chinese Modern Diplomacy (2004), was awarded the Suntory Academic Prize in 2004. He, among others, authored Groping for A Modern State: 1894-1925 (2010), and China in the 21st Century (2016), Frontier of China (2017), and co-authored Japan-China Relations in the Modern Era (2017) and so on. <\/span>[\/vc_column_text][\/vc_column][\/vc_row][vc_row content_placement=&#8221;middle&#8221;][vc_column width=&#8221;1\/4&#8243;][vc_single_image image=&#8221;1132&#8243; img_size=&#8221;200&#215;200&#8243; alignment=&#8221;center&#8221; style=&#8221;vc_box_shadow_3d&#8221;][\/vc_column][vc_column width=&#8221;3\/4&#8243;][vc_column_text]<b>Pham Quang Minh <\/b>\/\u00a0<span style=\"font-weight: 400;\">Vietnam National University,\u00a0<\/span><span style=\"font-weight: 400;\">Professor \/ Vietnam<\/span><\/p>\n<p><span style=\"font-weight: 400;\">Pham Quang Minh is a Professor of History and Politics, and Chair of the Department of International Development Studies at the University of Social Sciences and Humanities (USSH), Vietnam National University-Hanoi. He received his Ph.D in Southeast Asian Studies from Humboldt University in Berlin, Germany in 2002. He was visiting professor at Pomona College (California), SciencePo (France), Waseda University (Japan), Chulalongkorn University (Thailand), among others. His main teaching and research interests, among other things, are world politics, international relations of Asia-Pacific, and Vietnam\u2019s foreign policy. His publications have appeared in Journal International Relations of the Asia-Pacific (Oxford University Press), Journal of Vietnamese Studies (The University of California Press), Asia Europe Journal, Asia-Pacific Review, H-Diplo, and East Asia Forum. He has edited <\/span><i><span style=\"font-weight: 400;\">Critical Reflections on China\u2019s Belt &amp; Road Initiative <\/span><\/i><span style=\"font-weight: 400;\">(Springer, 2020) and his other recent publications include \u201cThe Meaning of ASEAN in the Regional Security Architecture\u201d (2016) and \u201cThe South China Sea security problem: towards regional cooperation\u201d (2010).<\/span>[\/vc_column_text][\/vc_column][\/vc_row][vc_row content_placement=&#8221;middle&#8221;][vc_column width=&#8221;1\/4&#8243;][vc_single_image image=&#8221;1133&#8243; img_size=&#8221;200&#215;200&#8243; alignment=&#8221;center&#8221; style=&#8221;vc_box_shadow_3d&#8221;][\/vc_column][vc_column width=&#8221;3\/4&#8243;][vc_column_text]<b>Ali Fathollah-Nejad <\/b>\/\u00a0<span style=\"font-weight: 400;\">CECID (Centre d&#8217;\u00e9tudes de la Coop\u00e9ration Internationale et du d\u00e9veloppement), Universit\u00e9 libre de Bruxelles,\u00a0<\/span><span style=\"font-weight: 400;\">Researcher \/ Iran<\/span><\/p>\n<p><span style=\"font-weight: 400;\">Dr. Ali Fathollah-Nejad is a German\u2013Iranian political scientist with a focus on Iran, the Middle East, the post-unipolar world order, and right-wing populism in Europe. He is the author of the much-acclaimed <\/span><i><span style=\"font-weight: 400;\">Iran in an Emerging New World Order: From Ahmadinejad to Rouhani<\/span><\/i><span style=\"font-weight: 400;\"> (2021). Based in Berlin, he is an affiliated researcher with Centre d\u2019\u00c9tudes de la Coop\u00e9ration Internationale et du D\u00e9veloppement (CECID) at Universit\u00e9 libre de Bruxelles (ULB), Freie Universit\u00e4t (FU) Berlin\u2019s Center for Middle Eastern and North African Politics, and the Afro\u2013Middle East Centre (AMEC), South Africa\u2019s think-tank specialized on the Middle East. Ali holds a Ph.D. in International Relations from the Department of Development Studies at SOAS (School of Oriental and African Studies) University of London and was a post-doctoral Associate with the Harvard Kennedy School\u2019s Iran Project. His recent publications include two monographs: \u201cThe Islamic Republic of Iran Four Decades On: The 2017\/18 Protests Amid a Triple Crisis\u201d (2020) and \u201cThe Politics of Culture in Times of Rapprochement: European Cultural and Academic Exchange with Iran (2015\u201316)\u201d (2020). He previously held the post of senior lecturer at the University of T\u00fcbingen.<\/span>[\/vc_column_text][\/vc_column][\/vc_row][vc_row content_placement=&#8221;middle&#8221;][vc_column width=&#8221;1\/4&#8243;][vc_single_image image=&#8221;1134&#8243; img_size=&#8221;200&#215;200&#8243; alignment=&#8221;center&#8221; style=&#8221;vc_box_shadow_3d&#8221;][\/vc_column][vc_column width=&#8221;3\/4&#8243;][vc_column_text]<b>Nargis Kassenova\u00a0<\/b>\/\u00a0<span style=\"font-weight: 400;\">KIMEP University,\u00a0<\/span><span style=\"font-weight: 400;\">Associate professor \/\u00a0<\/span>Kazakhstan<\/p>\n<p><span style=\"font-weight: 400;\">Nargis Kassenova is an associate professor at the Department of International Relations and Regional Studies at\u00a0 KIMEP University, and currently serves as a senior fellow in the Program on Central Asia, Davis Center for Russian and Eurasian Studies at Harvard University. She holds a Ph.D. in International Cooperation Studies from Nagoya University. She is a member of the Editorial Board of Central Asian Affairs journal and\u00a0 Central Asian Survey journal (Taylor and Francis), and serves as a member of the Advisory Board of UN High-Level Advisory Board for Social and Economic Affairs. Her recent publications include \u201cChina-Central Asia Relations: Re-learning to Live Next to the Giant\u201d in R. Isaacs and E. Marat (eds.) <\/span><i><span style=\"font-weight: 400;\">Routledge Handbook of Contemporary Central Asia<\/span><\/i><span style=\"font-weight: 400;\">, 2021; \u201cReligious Pluralism and State Paternalism in Kazakhstan,\u201d co-authored with Roman Podoprigora, (2020),\u00a0 \u201cKazakhstan\u2019s Adaptation to the Belt and Road Initiative: Tracing Changes in Domestic Governance\u201d in M.A. Carrai, J-C Defraigne and J. Wouters (eds.) <\/span><i><span style=\"font-weight: 400;\">The Belt and Road Initiative and Global Governance <\/span><\/i><span style=\"font-weight: 400;\">(2020), and \u201cRelations with Russia and China\u201d in <\/span><i><span style=\"font-weight: 400;\">Kazakhstan: Tested by Transition, Chatham House: The Royal Institute of International Affairs<\/span><\/i><span style=\"font-weight: 400;\"> (2019).<\/span>[\/vc_column_text][\/vc_column][\/vc_row]<\/p>\n<\/div>","protected":false},"excerpt":{"rendered":"<p>[vc_row][vc_column][vc_single_image image=&#8221;1194&#8243; img_size=&#8221;full&#8221; alignment=&#8221;center&#8221; style=&#8221;vc_box_shadow_3d&#8221;][\/vc_column][\/vc_row][vc_row][vc_column][vc_column_text] Session 3 focuses on a constructive guidance for peace and coexistence in Asia What do Asian countries and China think about<span class=\"excerpt-hellip\"> [\u2026]<\/span><\/p>\n","protected":false},"author":1,"featured_media":0,"parent":1078,"menu_order":4,"comment_status":"closed","ping_status":"closed","template":"","meta":{"footnotes":""},"class_list":["post-1086","page","type-page","status-publish","hentry"],"_links":{"self":[{"href":"http:\/\/neacenter.snuac.ac.kr\/index.php?rest_route=\/wp\/v2\/pages\/1086","targetHints":{"allow":["GET"]}}],"collection":[{"href":"http:\/\/neacenter.snuac.ac.kr\/index.php?rest_route=\/wp\/v2\/pages"}],"about":[{"href":"http:\/\/neacenter.snuac.ac.kr\/index.php?rest_route=\/wp\/v2\/types\/page"}],"author":[{"embeddable":true,"href":"http:\/\/neacenter.snuac.ac.kr\/index.php?rest_route=\/wp\/v2\/users\/1"}],"replies":[{"embeddable":true,"href":"http:\/\/neacenter.snuac.ac.kr\/index.php?rest_route=%2Fwp%2Fv2%2Fcomments&post=1086"}],"version-history":[{"count":13,"href":"http:\/\/neacenter.snuac.ac.kr\/index.php?rest_route=\/wp\/v2\/pages\/1086\/revisions"}],"predecessor-version":[{"id":1204,"href":"http:\/\/neacenter.snuac.ac.kr\/index.php?rest_route=\/wp\/v2\/pages\/1086\/revisions\/1204"}],"up":[{"embeddable":true,"href":"http:\/\/neacenter.snuac.ac.kr\/index.php?rest_route=\/wp\/v2\/pages\/1078"}],"wp:attachment":[{"href":"http:\/\/neacenter.snuac.ac.kr\/index.php?rest_route=%2Fwp%2Fv2%2Fmedia&parent=1086"}],"curies":[{"name":"wp","href":"https:\/\/api.w.org\/{rel}","templated":true}]}}